{"id":9222,"date":"2023-08-31T22:00:00","date_gmt":"2023-08-31T22:00:00","guid":{"rendered":""},"modified":"2025-06-17T08:00:25","modified_gmt":"2025-06-17T08:00:25","slug":"modelo-formulario-desistimiento","status":"publish","type":"page","link":"https:\/\/cepic.es\/en\/modelo-formulario-desistimiento\/","title":{"rendered":"Withdrawal form sample"},"content":{"rendered":"<div data-elementor-type=\"wp-page\" data-elementor-id=\"9222\" class=\"elementor elementor-9222\">\n\t\t\t\t\t\t<section class=\"elementor-section elementor-top-section elementor-element elementor-element-c978560 elementor-section-full_width qodef-elementor-content-grid elementor-section-height-min-height elementor-section-height-default elementor-section-items-middle\" data-id=\"c978560\" data-element_type=\"section\" data-e-type=\"section\" data-settings=\"{&quot;background_background&quot;:&quot;classic&quot;}\">\n\t\t\t\t\t\t<div class=\"elementor-container elementor-column-gap-default\">\n\t\t\t\t\t<div class=\"elementor-column elementor-col-100 elementor-top-column elementor-element elementor-element-8af3c69\" data-id=\"8af3c69\" data-element_type=\"column\" data-e-type=\"column\">\n\t\t\t<div class=\"elementor-widget-wrap elementor-element-populated\">\n\t\t\t\t\t\t<div class=\"elementor-element elementor-element-4623820 elementor-widget elementor-widget-coachfocus_core_section_title\" data-id=\"4623820\" data-element_type=\"widget\" data-e-type=\"widget\" data-widget_type=\"coachfocus_core_section_title.default\">\n\t\t\t\t<div class=\"elementor-widget-container\">\n\t\t\t\t\t<div class=\"qodef-shortcode qodef-m  qodef-section-title qodef-alignment--left\">\n\t\t<h1 class=\"qodef-m-title\" style=\"color: #FF5028\">\n\t\t\t\t\tWithdrawal form sample\t\t\t<\/h1>\n\t<\/div>\n\t\t\t\t<\/div>\n\t\t\t\t<\/div>\n\t\t\t\t\t<\/div>\n\t\t<\/div>\n\t\t\t\t\t<\/div>\n\t\t<\/section>\n\t\t<div class=\"elementor-element elementor-element-7b89e0a4 e-flex e-con-boxed e-con e-parent\" data-id=\"7b89e0a4\" data-element_type=\"container\" data-e-type=\"container\">\n\t\t\t\t\t<div class=\"e-con-inner\">\n\t\t\t\t<div class=\"elementor-element elementor-element-66769d70 elementor-widget elementor-widget-text-editor\" data-id=\"66769d70\" data-element_type=\"widget\" data-e-type=\"widget\" data-widget_type=\"text-editor.default\">\n\t\t\t\t<div class=\"elementor-widget-container\">\n\t\t\t\t\t\t\t\t\t<div style=\"text-align: left;\"><span style=\"font-family: strawford; color: #642828;\">To the attention of ANDR\u00c9S ORTIZ SA\u00daCO\u00a0<br \/>Avenida del Manzanares, 202, 1\u00ba B, 28026 Madrid, Spain<\/span><\/div><div><p>\u00a0<\/p><div style=\"text-align: left;\"><span style=\"font-family: strawford; color: #642828;\">info@cepic.es<\/span><\/div><div style=\"text-align: left;\">\u00a0<\/div><div style=\"text-align: left;\"><span style=\"font-family: strawford; color: #642828;\">I hereby notify you that I withdraw from the following contract for the provision of services:<\/span><\/div><div style=\"text-align: left;\"><span style=\"font-family: strawford; color: #642828;\">\u2013 Specify course name:\u00a0<\/span><\/div><div style=\"text-align: left;\"><span style=\"font-family: strawford; color: #642828;\">\u2013 Name of the consumer and user:<\/span><\/div><div style=\"text-align: left;\"><span style=\"font-family: strawford; color: #642828;\">\u2013 Address of the consumer and user:\u00a0<\/span><\/div><div style=\"text-align: left;\">\u00a0<\/div><div style=\"text-align: left;\"><span style=\"font-family: strawford; color: #642828;\">In ________ , on ___ of ________ of the year _____________<\/span><\/div><div style=\"text-align: left;\">\u00a0<\/div><div style=\"text-align: left;\"><span style=\"font-family: strawford; color: #642828;\">Signature of the consumer and user<\/span><\/div><\/div>\t\t\t\t\t\t\t\t<\/div>\n\t\t\t\t<\/div>\n\t\t\t\t\t<\/div>\n\t\t\t\t<\/div>\n\t\t\t\t<\/div>","protected":false},"excerpt":{"rendered":"<p>Modelo de formulario de desistimiento A la atenci\u00f3n de ANDR\u00c9S ORTIZ SA\u00daCOAvenida del Manzanares, 202, 1\u00ba B, 28026 Madrid, Espa\u00f1a \u00a0 info@cepic.es\u00a0Por la presente les comunico que desisto del siguiente contrato de prestaci\u00f3n de servicios:- Especificar nombre del curso:\u00a0&#8211; Nombre del consumidor y usuario:- Domicilio del consumidor y usuario:\u00a0\u00a0En ________ a d\u00eda ___ del mes [&hellip;]<\/p>\n","protected":false},"author":3,"featured_media":0,"parent":0,"menu_order":0,"comment_status":"closed","ping_status":"closed","template":"page-full-width.php","meta":{"footnotes":""},"class_list":["post-9222","page","type-page","status-publish","hentry"],"_links":{"self":[{"href":"https:\/\/cepic.es\/en\/wp-json\/wp\/v2\/pages\/9222","targetHints":{"allow":["GET"]}}],"collection":[{"href":"https:\/\/cepic.es\/en\/wp-json\/wp\/v2\/pages"}],"about":[{"href":"https:\/\/cepic.es\/en\/wp-json\/wp\/v2\/types\/page"}],"author":[{"embeddable":true,"href":"https:\/\/cepic.es\/en\/wp-json\/wp\/v2\/users\/3"}],"replies":[{"embeddable":true,"href":"https:\/\/cepic.es\/en\/wp-json\/wp\/v2\/comments?post=9222"}],"version-history":[{"count":6,"href":"https:\/\/cepic.es\/en\/wp-json\/wp\/v2\/pages\/9222\/revisions"}],"predecessor-version":[{"id":16386,"href":"https:\/\/cepic.es\/en\/wp-json\/wp\/v2\/pages\/9222\/revisions\/16386"}],"wp:attachment":[{"href":"https:\/\/cepic.es\/en\/wp-json\/wp\/v2\/media?parent=9222"}],"curies":[{"name":"wp","href":"https:\/\/api.w.org\/{rel}","templated":true}]}}