{"id":9243,"date":"2023-05-27T10:43:00","date_gmt":"2023-05-27T10:43:00","guid":{"rendered":""},"modified":"2024-11-22T17:08:35","modified_gmt":"2024-11-22T17:08:35","slug":"christopher-fisher","status":"publish","type":"page","link":"https:\/\/cepic.es\/en\/christopher-fisher\/","title":{"rendered":"Christopher Fisher"},"content":{"rendered":"<p style=\"text-align: justify;\"><span style=\"font-family: arial;\"><\/span><\/p>\n<div class=\"separator\" style=\"clear: both; text-align: center;\"><span style=\"font-family: arial;\"><a href=\"https:\/\/blogger.googleusercontent.com\/img\/b\/R29vZ2xl\/AVvXsEic037BkRVx4wfdefVrNtuwafxLssjwTUUwIoKCDyrfU-byEfjoIFVOxHRs_-9qMFdPAFYPhFD39wD5hKsHnO8f-THazvW7tkvu2gKGEZyoSgRwCkXavRS26HRbyo2On6ZhmH46chygo3f_ytXXaLlHOu9hS8lcHD_cNSU3-ArJsJX-g6h5XBE4iptDvQ\/s1175\/C%20Fisher%20Cuadrada.jpg\" style=\"clear: left; float: left; margin-bottom: 1em; margin-right: 1em;\" target=\"_blank\" rel=\"noopener\"><img decoding=\"async\" border=\"0\" data-original-height=\"1175\" data-original-width=\"1175\" height=\"200\" src=\"https:\/\/cepic.eswp-content\/uploads\/2023\/05\/C20Fisher20Cuadrada-1.jpg\" class=\"wp-image-9244\" width=\"200\" \/><\/a><\/span><\/div>\n<p><span style=\"font-family: arial;\"><\/p>\n<p style=\"text-align: justify;\">El Dr. Christopher Fisher es catedr\u00e1tico de piano en la Universidad de Ohio en Athens, Ohio, donde copreside el departamento de instrumentos de tecla y dirige los programas de licenciatura y posgrado de interpretaci\u00f3n y pedagog\u00eda del piano, reconocidos a nivel nacional. Es director art\u00edstico del Seminario de Pedagog\u00eda Pian\u00edstica de la Universidad de Ohio y miembro del cuerpo docente del 1804 Scholars Program. El Dr. Fisher fue director de la Escuela de M\u00fasica de la Universidad de Ohio de 2020 a 2022 y director adjunto de 2019 a 2020. Reconocido por su ense\u00f1anza, el Dr. Fisher recibi\u00f3 en 2010 el Premio al Profesor Colegiado del A\u00f1o de la Asociaci\u00f3n de Profesores de M\u00fasica de Ohio y el Premio a la Ense\u00f1anza Distinguida de la Escuela de M\u00fasica de la Universidad de Ohio.&nbsp;<\/p>\n<p><\/span><\/p>\n<p style=\"text-align: justify;\"><span style=\"font-family: arial;\">El Dr. Fisher es el autor de <i>Teaching Piano in Groups<\/i> (Oxford University Press, 2010), el \u00fanico libro de texto completo de pedagog\u00eda de piano en grupo de su clase. Tambi\u00e9n est\u00e1 disponible una traducci\u00f3n al chino de <i>Teaching Piano in Groups<\/i>. El Dr. Fisher es coautor de la edici\u00f3n revisada y ampliada de <i>Piano Duet Repertoire<\/i> (Indiana University Press, 2016) y coautor de <i>Functional Skills for Pianists<\/i> (Oxford University Press, 2022). Tambi\u00e9n es coeditor del <i>Oxford Handbook for Piano Pedagogy&nbsp;<\/i>(Oxford University Press) con la Dra. Sally Cathcart. Ha publicado en las principales revistas de teclado, como <i>Keyboard Companion, American Music Teacher, Clavier y Clavier Companion<\/i>. Es compositor colaborador del innovador m\u00e9todo de piano <i>Piano Safari<\/i> (<a href=\"http:\/\/www.pianosafari.com\" target=\"_blank\" rel=\"noopener\"><span style=\"color: #444444;\"><b>www.pianosafari.com<\/b><\/span><\/a>), utilizado por profesores y alumnos de piano de todo el mundo. Sus composiciones educativas han sido publicadas por Alfred Music y Piano Safari.&nbsp;<\/span><\/p>\n<p style=\"text-align: justify;\"><span style=\"font-family: arial;\">El Dr. Fisher ha impartido conferencias a nivel nacional e internacional, incluidas las Conferencias Nacionales de la Asociaci\u00f3n Nacional de Profesores de M\u00fasica (Washington, D.C., 2001; Toronto, Ontario, Canad\u00e1, 2007; Atlanta, 2009; San Antonio, Texas, 2016; Orlando, Florida, 2018), la National Conference on Keyboard Pedagogy (Lombard, Illinois, 2013; 2017; 2019), la Music &amp; Drama Education Expo (Londres, Inglaterra, 2018), el National Group Piano and Piano Pedagogy Forum (Norman, Oklahoma, 2006; Austin, Texas, 2010), la Australasian Piano Pedagogy Conference (Canberra, Australia, 2008), Encontro Internacional de Pianistas de Piracicaba (Piracicaba, Sao Paulo, Brasil, 2016), The Curious Piano Teachers Live Conferences (Belfast, Irlanda del Norte, 2018 y Oxford, Inglaterra, 2018) y la American Music Therapy Association (Orlando, Florida, 2005). Ha sido profesor invitado en las principales universidades y conservatorios de los Estados Unidos, incluyendo compromisos recientes en The Juilliard School de Nueva York (Estados Unidos), la Tianjin Juilliard School (China), la Manhattan School of Music (Estados Unidos), el Peabody Institute de la Johns Hopkins University (Estados Unidos), la University of Oxford (Reino Unido), el Trinity Laban Conservatoire of Music and Dance (Reino Unido) y la University of York (Reino Unido).<\/span><\/p>\n<p style=\"text-align: justify;\"><span style=\"font-family: arial;\">Como artista, el Dr. Fisher interpreta con frecuencia recitales en solitario y en colaboraci\u00f3n, incluyendo actuaciones a d\u00fao con su esposa, la pianista Katherine Fisher. En 2007, el d\u00fao Fisher obtuvo el primer premio en la categor\u00eda de d\u00faos para adultos del concurso de piano Graves Piano and Organ Company\/OhioMTA. Como artista discogr\u00e1fico, el Dr. Fisher graba con el sello MSR Classics (Samplings: New Music for Bassoon and Piano; MS1547).&nbsp;<\/span><\/p>\n<p style=\"text-align: justify;\"><span style=\"font-family: arial;\">El Dr. Fisher es miembro activo de la Asociaci\u00f3n Nacional de Profesores de M\u00fasica y ha sido cicepresidente de conferencias y vicepresidente de afiliaci\u00f3n de la Asociaci\u00f3n de Profesores de M\u00fasica de Ohio. Es el asesor docente del Cap\u00edtulo Colegiado de la MTNA de la Universidad de Ohio, galardonado con el Premio al Cap\u00edtulo Colegiado de la MTNA en 2021, 2019 y 2015. El Dr. Fisher mantiene un estudio de alumnos preuniversitarios que han tenido \u00e9xito en concursos y festivales de piano estatales y regionales. Con frecuencia imparte clases magistrales en festivales y concursos de piano en todo Estados Unidos y en el extranjero, incluido el MTNA Stecher &amp; Horowitz Two Piano Competition, el OHIO International Piano Duet &amp; Duo Competition y el United States Virtuoso Artists International Piano Competition.&nbsp;<\/span><\/p>\n<p style=\"text-align: justify;\"><span style=\"font-family: arial;\">Natural de Missouri, el Dr. Fisher es licenciado por la Universidad Estatal de Wichita (M\u00e1ster en Pedagog\u00eda del Piano) y por la Universidad Estatal del Noroeste de Missouri (Licenciatura en Bellas Artes). Obtuvo el Doctorado en Artes Musicales en Interpretaci\u00f3n y Pedagog\u00eda del Piano por la Universidad de Oklahoma, donde recibi\u00f3 la prestigiosa beca Alumni Graduate Fellowship. Entre sus profesores de piano y pedagog\u00eda pian\u00edstica se encuentran Edward Gates, Jane Magrath, Barbara Fast, Julie Bees, Sylvia Coats, Richard Bobo y Betty Preston.&nbsp;<\/span><\/p>\n<p style=\"text-align: justify;\"><span style=\"font-family: arial;\">El Dr. Fisher reside en Albany, Ohio, con su esposa Katherine y sus hijos Isaiah y Anna.&nbsp;<\/span><\/p>\n<p style=\"text-align: justify;\"><span style=\"font-family: arial;\">Christopher Fisher es artista Yamaha.&nbsp;<\/span><\/p>\n<p style=\"text-align: justify;\"><span style=\"font-family: arial;\"><a href=\"http:\/\/www.chrisfisherpiano.com\" target=\"_blank\" rel=\"noopener\"><span style=\"color: #444444;\"><b>www.chrisfisherpiano.com<\/b><\/span><\/a><\/span><\/p>\n<p style=\"text-align: justify;\"><\/p>\n<p style=\"text-align: justify;\">\n<p style=\"text-align: justify;\"><span style=\"color: #6aa84f; font-family: arial;\"><span lang=\"EN-US\">Dr. Christopher Fisher<\/span><span lang=\"EN-US\">&nbsp;is Professor of Piano at Ohio<br \/>\nUniversity in Athens, Ohio where he co-chairs the Keyboard Division and directs<br \/>\nthe nationally recognized undergraduate and graduate piano performance and<br \/>\npedagogy programs. He is the Artistic Director of the Ohio University Piano<br \/>\nPedagogy Seminar and is a Faculty Fellow for the 1804 Scholars Program. Dr.<br \/>\nFisher served as Director of the Ohio University School of Music from 2020-2022<br \/>\nand Assistant Director from 2019-2020. Recognized for his teaching, Dr. Fisher<br \/>\nwas the 2010 recipient of the Ohio Music Teachers Association Collegiate<br \/>\nTeacher of the Year Award and the Ohio University School of Music Distinguished<br \/>\nTeaching Award.&nbsp;<\/span><\/span><\/p>\n<p style=\"text-align: justify;\"><span style=\"font-family: arial;\"><span lang=\"EN-US\" style=\"color: #6aa84f;\">Dr. Fisher is the author of&nbsp;<i>Teaching<br \/>\nPiano in Groups<\/i>&nbsp;(Oxford University Press, 2010), the only<br \/>\ncomprehensive group piano pedagogy textbook of its kind. A Chinese translation<br \/>\nof&nbsp;<i>Teaching Piano in Groups<\/i>&nbsp;is also available. Dr. Fisher is<br \/>\nthe co-author of the revised and expanded edition of&nbsp;<i>Piano Duet<br \/>\nRepertoire<\/i>&nbsp;(Indiana University Press, 2016) and co-author of&nbsp;<i>Functional<br \/>\nSkills for Pianists<\/i>&nbsp;(Oxford University Press, 2022). He is also<br \/>\nco-editing the&nbsp;<i>Oxford Handbook for Piano Pedagogy<\/i>&nbsp;(Oxford<br \/>\nUniversity Press) with Dr. Sally Cathcart. He has published in leading keyboard<br \/>\njournals including&nbsp;<i>Keyboard Companion<\/i>,&nbsp;<i>American Music<br \/>\nTeacher<\/i>,&nbsp;<i>Clavier<\/i>, and&nbsp;<i>Clavier Companion<\/i>. He is a contributing<br \/>\ncomposer for the innovative piano method,&nbsp;<i>Piano Safari<\/i>&nbsp;(<\/span><span lang=\"EN-US\"><a href=\"http:\/\/www.pianosafari.com\/\" title=\"http:\/\/www.pianosafari.com\" target=\"_blank\" rel=\"noopener\"><b><span style=\"color: #6aa84f;\">www.pianosafari.com<\/span><\/b><\/a><\/span><span lang=\"EN-US\" style=\"color: #6aa84f;\">), which is used by piano teachers and<br \/>\nstudents around the globe. His educational compositions are published by Alfred<br \/>\nMusic and Piano Safari.&nbsp;<\/span><\/span><\/p>\n<p style=\"text-align: justify;\"><span lang=\"EN-US\"><span style=\"color: #6aa84f; font-family: arial;\">In demand as a workshop clinician, Dr.<br \/>\nFisher has presented lectures nationally and internationally, including the<br \/>\nNational Conferences of the Music Teachers National Association (Washington,<br \/>\nD.C., 2001; Toronto, Ontario, Canada, 2007; Atlanta, 2009; San Antonio, Texas,<br \/>\n2016; Orlando, Florida, 2018), the National Conference on Keyboard Pedagogy<br \/>\n(Lombard, Illinois, 2013; 2017; 2019), the Music &amp; Drama Education Expo (London,<br \/>\nEngland, 2018), the National Group Piano and Piano Pedagogy Forum (Norman,<br \/>\nOklahoma, 2006; Austin, Texas, 2010), the Australasian Piano Pedagogy<br \/>\nConference (Canberra, Australia, 2008), Encontro Internacional de Pianistas de<br \/>\nPiracicaba (Piracicaba, Sao Paulo, Brazil, 2016), The Curious Piano Teachers<br \/>\nLive Conferences (Belfast, Northern Ireland, 2018 and Oxford, England, 2018)<br \/>\nand the American Music Therapy Association (Orlando, Florida, 2005).&nbsp;He<br \/>\nhas served as a guest lecturer at leading universities and conservatories<br \/>\nacross the U.S. including recent engagements at The Juilliard School in New<br \/>\nYork (USA), the Tianjin Juilliard School (China), the Manhattan School of Music<br \/>\n(USA), the Peabody Institute at Johns Hopkins University (USA), the University<br \/>\nof Oxford (UK), the Trinity Laban Conservatoire of Music and Dance (UK), and<br \/>\nthe University of York (UK).<\/span><\/span><\/p>\n<p style=\"text-align: justify;\"><span lang=\"EN-US\"><span style=\"color: #6aa84f; font-family: arial;\">As a performing artist, Dr. Fisher<br \/>\nfrequently plays both solo and collaborative recitals, including duet and duo<br \/>\npiano performances with wife, pianist Katherine Fisher. The Fisher Piano Duo<br \/>\nwas awarded first prize in the Adult Duo Division of the Graves Piano and Organ<br \/>\nCompany\/OhioMTA Piano Competition in 2007. As a recording artist, Dr. Fisher<br \/>\ncan be heard on the MSR Classics label (Samplings: New Music for Bassoon and<br \/>\nPiano; MS1547).&nbsp;<\/span><\/span><\/p>\n<p style=\"text-align: justify;\"><span lang=\"EN-US\"><span style=\"color: #6aa84f; font-family: arial;\">Dr. Fisher is an active member of<br \/>\nMusic Teachers National Association and has served as Vice-President for<br \/>\nConferences and Vice-President for Membership for the Ohio Music Teachers<br \/>\nAssociation; he presently serves as Collegiate Chapter Chair. He is the faculty<br \/>\nadvisor for the Ohio University Collegiate Chapter of MTNA, recipient of the<br \/>\n2021, 2019, and 2015 MTNA Collegiate Chapter Award. Dr. Fisher maintains a<br \/>\nstudio of pre-college students who have been successful at state and regional<br \/>\npiano competitions and festivals. He frequently serves as an adjudicator and<br \/>\nmaster class clinician at piano festivals and competitions throughout the<br \/>\nUnited States and abroad, including the MTNA Stecher &amp; Horowitz Two Piano<br \/>\nCompetition, the OHIO International Piano Duet &amp; Duo Competition, and the<br \/>\nUnited States Virtuoso Artists International Piano Competition.&nbsp;<\/span><\/span><\/p>\n<p style=\"text-align: justify;\"><span lang=\"EN-US\"><span style=\"color: #6aa84f; font-family: arial;\">A native of Missouri, Dr. Fisher holds<br \/>\ndegrees from Wichita State University (Master of Music in Piano Pedagogy) and<br \/>\nNorthwest Missouri State University (Bachelor of Arts). He was awarded the<br \/>\nDoctor of Musical Arts in Piano Performance and Pedagogy from the University of<br \/>\nOklahoma where he was the recipient of the prestigious Alumni Graduate<br \/>\nFellowship. His piano and piano pedagogy teachers include Edward Gates, Jane<br \/>\nMagrath, Barbara Fast, Julie Bees, Sylvia Coats, Richard Bobo, and Betty<br \/>\nPreston.&nbsp;<\/span><\/span><\/p>\n<p style=\"text-align: justify;\"><span lang=\"EN-US\"><span style=\"color: #6aa84f; font-family: arial;\">Dr. Fisher resides in Albany, Ohio<br \/>\nwith his wife Katherine and their children Isaiah and Anna.&nbsp;<\/span><\/span><\/p>\n<p style=\"text-align: justify;\"><span lang=\"EN-US\"><span style=\"color: #6aa84f; font-family: arial;\">Christopher Fisher is a Yamaha<br \/>\nArtist.&nbsp;<\/span><\/span><\/p>\n<p style=\"text-align: justify;\"><span lang=\"EN-US\"><a href=\"http:\/\/www.chrisfisherpiano.com\/\" title=\"http:\/\/www.chrisfisherpiano.com\" target=\"_blank\" rel=\"noopener\"><span style=\"color: #6aa84f; font-family: arial;\"><b>www.chrisfisherpiano.com<\/b><\/span><\/a><\/span><span face=\"&quot;Calibri Light&quot;,sans-serif\" lang=\"EN-US\" style=\"color: #212121; font-size: 11pt; mso-ascii-theme-font: major-latin; mso-bidi-theme-font: major-latin; mso-fareast-font-family: &quot;Times New Roman&quot;; mso-font-kerning: 0pt; mso-hansi-theme-font: major-latin; mso-ligatures: none;\"><o:p><\/o:p><\/span><\/p>\n<div style=\"text-align: justify;\"><\/div><\/p>","protected":false},"excerpt":{"rendered":"<p>El Dr. Christopher Fisher es catedr\u00e1tico de piano en la Universidad de Ohio en Athens, Ohio, donde copreside el departamento de instrumentos de tecla y dirige los programas de licenciatura y posgrado de interpretaci\u00f3n y pedagog\u00eda del piano, reconocidos a nivel nacional. Es director art\u00edstico del Seminario de Pedagog\u00eda Pian\u00edstica de la Universidad de Ohio [&hellip;]<\/p>\n","protected":false},"author":3,"featured_media":0,"parent":0,"menu_order":0,"comment_status":"closed","ping_status":"closed","template":"","meta":{"footnotes":""},"class_list":["post-9243","page","type-page","status-publish","hentry"],"_links":{"self":[{"href":"https:\/\/cepic.es\/en\/wp-json\/wp\/v2\/pages\/9243","targetHints":{"allow":["GET"]}}],"collection":[{"href":"https:\/\/cepic.es\/en\/wp-json\/wp\/v2\/pages"}],"about":[{"href":"https:\/\/cepic.es\/en\/wp-json\/wp\/v2\/types\/page"}],"author":[{"embeddable":true,"href":"https:\/\/cepic.es\/en\/wp-json\/wp\/v2\/users\/3"}],"replies":[{"embeddable":true,"href":"https:\/\/cepic.es\/en\/wp-json\/wp\/v2\/comments?post=9243"}],"version-history":[{"count":0,"href":"https:\/\/cepic.es\/en\/wp-json\/wp\/v2\/pages\/9243\/revisions"}],"wp:attachment":[{"href":"https:\/\/cepic.es\/en\/wp-json\/wp\/v2\/media?parent=9243"}],"curies":[{"name":"wp","href":"https:\/\/api.w.org\/{rel}","templated":true}]}}